{"id":8,"date":"2016-08-02T13:25:33","date_gmt":"2016-08-02T13:25:33","guid":{"rendered":"http:\/\/eleanastudios.codibee.solutions\/location\/"},"modified":"2017-03-07T14:52:02","modified_gmt":"2017-03-07T14:52:02","slug":"lefkada-island","status":"publish","type":"page","link":"https:\/\/www.eleanastudios.gr\/it\/lefkada-island","title":{"rendered":"Luogo"},"content":{"rendered":"<p>Aghios Ioannis \u00e8 la spiaggia pi\u00f9 vicina alla capitale dell&#8217;isola, poco pi\u00f9 di un paio di chilometri di distanza, ed \u00e8 una delle migliori dell&#8217;isola. Sabbia dorata a perdita d&#8217;occhio, con acqua turchese. Questa zona \u00e8 ventosa, per questo motivo \u00e8 diventata il secondo spot favorito di Lefkada per il windsurf dopo Vassiliki e attira molti qualificati appassionati di windsurf e kite.<\/p>\n<p><br><br><div class=\"gallery clearfix\"><div class=\"grid-sizer\"><\/div><dl class=\"gallery-item\"><dt class=\"gallery-icon\"><a href=\"https:\/\/www.eleanastudios.gr\/wp-content\/uploads\/sites\/96\/2016\/08\/eleana-lefkada-beach-03-1024x683.jpg\"><img loading=\"lazy\" decoding=\"async\" width=\"320\" height=\"213\" src=\"https:\/\/www.eleanastudios.gr\/wp-content\/uploads\/sites\/96\/2016\/08\/eleana-lefkada-beach-03-320x213.jpg\" class=\"attachment-small-mobile size-small-mobile\" alt=\"\" srcset=\"https:\/\/www.eleanastudios.gr\/wp-content\/uploads\/sites\/96\/2016\/08\/eleana-lefkada-beach-03-320x213.jpg 320w, https:\/\/www.eleanastudios.gr\/wp-content\/uploads\/sites\/96\/2016\/08\/eleana-lefkada-beach-03-300x200.jpg 300w, https:\/\/www.eleanastudios.gr\/wp-content\/uploads\/sites\/96\/2016\/08\/eleana-lefkada-beach-03-1024x683.jpg 1024w, https:\/\/www.eleanastudios.gr\/wp-content\/uploads\/sites\/96\/2016\/08\/eleana-lefkada-beach-03-1280x853.jpg 1280w, https:\/\/www.eleanastudios.gr\/wp-content\/uploads\/sites\/96\/2016\/08\/eleana-lefkada-beach-03-1920x1280.jpg 1920w\" sizes=\"auto, (max-width: 320px) 100vw, 320px\" \/><\/a><\/dt><\/dl><dl class=\"gallery-item\"><dt class=\"gallery-icon\"><a href=\"https:\/\/www.eleanastudios.gr\/wp-content\/uploads\/sites\/96\/2016\/08\/eleana-lefkada-beach-02-1024x683.jpg\"><img loading=\"lazy\" decoding=\"async\" width=\"320\" height=\"213\" src=\"https:\/\/www.eleanastudios.gr\/wp-content\/uploads\/sites\/96\/2016\/08\/eleana-lefkada-beach-02-320x213.jpg\" class=\"attachment-small-mobile size-small-mobile\" alt=\"\" srcset=\"https:\/\/www.eleanastudios.gr\/wp-content\/uploads\/sites\/96\/2016\/08\/eleana-lefkada-beach-02-320x213.jpg 320w, https:\/\/www.eleanastudios.gr\/wp-content\/uploads\/sites\/96\/2016\/08\/eleana-lefkada-beach-02-300x200.jpg 300w, https:\/\/www.eleanastudios.gr\/wp-content\/uploads\/sites\/96\/2016\/08\/eleana-lefkada-beach-02-1024x683.jpg 1024w, https:\/\/www.eleanastudios.gr\/wp-content\/uploads\/sites\/96\/2016\/08\/eleana-lefkada-beach-02-1280x853.jpg 1280w, https:\/\/www.eleanastudios.gr\/wp-content\/uploads\/sites\/96\/2016\/08\/eleana-lefkada-beach-02-1920x1280.jpg 1920w\" sizes=\"auto, (max-width: 320px) 100vw, 320px\" \/><\/a><\/dt><\/dl><dl class=\"gallery-item\"><dt class=\"gallery-icon\"><a href=\"https:\/\/www.eleanastudios.gr\/wp-content\/uploads\/sites\/96\/2016\/08\/eleana-lefkada-beach-011-1024x683.jpg\"><img loading=\"lazy\" decoding=\"async\" width=\"320\" height=\"213\" src=\"https:\/\/www.eleanastudios.gr\/wp-content\/uploads\/sites\/96\/2016\/08\/eleana-lefkada-beach-011-320x213.jpg\" class=\"attachment-small-mobile size-small-mobile\" alt=\"\" srcset=\"https:\/\/www.eleanastudios.gr\/wp-content\/uploads\/sites\/96\/2016\/08\/eleana-lefkada-beach-011-320x213.jpg 320w, https:\/\/www.eleanastudios.gr\/wp-content\/uploads\/sites\/96\/2016\/08\/eleana-lefkada-beach-011-300x200.jpg 300w, https:\/\/www.eleanastudios.gr\/wp-content\/uploads\/sites\/96\/2016\/08\/eleana-lefkada-beach-011-1024x683.jpg 1024w, https:\/\/www.eleanastudios.gr\/wp-content\/uploads\/sites\/96\/2016\/08\/eleana-lefkada-beach-011-1280x853.jpg 1280w, https:\/\/www.eleanastudios.gr\/wp-content\/uploads\/sites\/96\/2016\/08\/eleana-lefkada-beach-011-1920x1280.jpg 1920w\" sizes=\"auto, (max-width: 320px) 100vw, 320px\" \/><\/a><\/dt><\/dl><\/div><\/p>","protected":false},"excerpt":{"rendered":"<p>Aghios Ioannis \u00e8 la spiaggia pi\u00f9 vicina alla capitale dell&#8217;isola, poco pi\u00f9 di un paio di chilometri di distanza, ed \u00e8 una delle migliori dell&#8217;isola.<\/p>\n","protected":false},"author":1,"featured_media":75,"parent":0,"menu_order":0,"comment_status":"closed","ping_status":"closed","template":"page_location.php","meta":{"footnotes":""},"class_list":["post-8","page","type-page","status-publish","has-post-thumbnail","hentry"],"_links":{"self":[{"href":"https:\/\/www.eleanastudios.gr\/it\/wp-json\/wp\/v2\/pages\/8","targetHints":{"allow":["GET"]}}],"collection":[{"href":"https:\/\/www.eleanastudios.gr\/it\/wp-json\/wp\/v2\/pages"}],"about":[{"href":"https:\/\/www.eleanastudios.gr\/it\/wp-json\/wp\/v2\/types\/page"}],"author":[{"embeddable":true,"href":"https:\/\/www.eleanastudios.gr\/it\/wp-json\/wp\/v2\/users\/1"}],"replies":[{"embeddable":true,"href":"https:\/\/www.eleanastudios.gr\/it\/wp-json\/wp\/v2\/comments?post=8"}],"version-history":[{"count":28,"href":"https:\/\/www.eleanastudios.gr\/it\/wp-json\/wp\/v2\/pages\/8\/revisions"}],"predecessor-version":[{"id":135,"href":"https:\/\/www.eleanastudios.gr\/it\/wp-json\/wp\/v2\/pages\/8\/revisions\/135"}],"wp:featuredmedia":[{"embeddable":true,"href":"https:\/\/www.eleanastudios.gr\/it\/wp-json\/wp\/v2\/media\/75"}],"wp:attachment":[{"href":"https:\/\/www.eleanastudios.gr\/it\/wp-json\/wp\/v2\/media?parent=8"}],"curies":[{"name":"wp","href":"https:\/\/api.w.org\/{rel}","templated":true}]}}